{"id":14,"date":"2025-01-29T18:42:38","date_gmt":"2025-01-29T18:42:38","guid":{"rendered":"https:\/\/magosrajzok.hu\/?page_id=14"},"modified":"2025-07-07T08:06:17","modified_gmt":"2025-07-07T08:06:17","slug":"kezdolap","status":"publish","type":"page","link":"https:\/\/magosrajzok.hu\/en\/","title":{"rendered":"Home"},"content":{"rendered":"<div data-elementor-type=\"wp-page\" data-elementor-id=\"14\" class=\"elementor elementor-14\" data-elementor-post-type=\"page\">\n\t\t\t\t<div class=\"elementor-element elementor-element-5968f03 e-flex e-con-boxed e-con e-parent\" data-id=\"5968f03\" data-element_type=\"container\">\n\t\t\t\t\t<div class=\"e-con-inner\">\n\t\t<div class=\"elementor-element elementor-element-b9a9e25 e-con-full e-flex e-con e-child\" data-id=\"b9a9e25\" data-element_type=\"container\">\n\t\t\t\t<div class=\"elementor-element elementor-element-1932771 elementor-widget elementor-widget-heading\" data-id=\"1932771\" data-element_type=\"widget\" data-widget_type=\"heading.default\">\n\t\t\t\t<div class=\"elementor-widget-container\">\n\t\t\t\t\t<h2 class=\"elementor-heading-title elementor-size-default\">Dear Visitor,<\/h2>\t\t\t\t<\/div>\n\t\t\t\t<\/div>\n\t\t\t\t<div class=\"elementor-element elementor-element-7220b08 elementor-widget elementor-widget-text-editor\" data-id=\"7220b08\" data-element_type=\"widget\" data-widget_type=\"text-editor.default\">\n\t\t\t\t<div class=\"elementor-widget-container\">\n\t\t\t\t\t\t\t\t\t<div>Thank you for honoring me with your presence. On this website, I present some of my works from recent years, and in the online shop, you can browse through products designed by me. I sincerely thank you for supporting my creative work in this way.<\/div>\t\t\t\t\t\t\t\t<\/div>\n\t\t\t\t<\/div>\n\t\t\t\t<div class=\"elementor-element elementor-element-6b53f95 elementor-widget elementor-widget-text-editor\" data-id=\"6b53f95\" data-element_type=\"widget\" data-widget_type=\"text-editor.default\">\n\t\t\t\t<div class=\"elementor-widget-container\">\n\t\t\t\t\t\t\t\t\t<p>Wishing you all the best, \u00c1gi Moh\u00e1csy \u2013\nMagos Rajzok<\/p>\t\t\t\t\t\t\t\t<\/div>\n\t\t\t\t<\/div>\n\t\t\t\t<div class=\"elementor-element elementor-element-ec9d85d elementor-widget elementor-widget-image\" data-id=\"ec9d85d\" data-element_type=\"widget\" data-widget_type=\"image.default\">\n\t\t\t\t<div class=\"elementor-widget-container\">\n\t\t\t\t\t\t\t\t\t\t\t\t\t\t\t<img fetchpriority=\"high\" decoding=\"async\" width=\"267\" height=\"261\" src=\"https:\/\/magosrajzok.hu\/wp-content\/uploads\/2025\/01\/logo2.png\" class=\"attachment-2048x2048 size-2048x2048 wp-image-66\" alt=\"\" \/>\t\t\t\t\t\t\t\t\t\t\t\t\t\t\t<\/div>\n\t\t\t\t<\/div>\n\t\t\t\t<\/div>\n\t\t\t\t\t<\/div>\n\t\t\t\t<\/div>\n\t\t<div class=\"elementor-element elementor-element-1a85776 e-grid e-con-boxed e-con e-parent\" data-id=\"1a85776\" data-element_type=\"container\">\n\t\t\t\t\t<div class=\"e-con-inner\">\n\t\t\t\t<div class=\"elementor-element elementor-element-2bf927f elementor-widget__width-inherit elementor-widget elementor-widget-image\" data-id=\"2bf927f\" data-element_type=\"widget\" data-widget_type=\"image.default\">\n\t\t\t\t<div class=\"elementor-widget-container\">\n\t\t\t\t\t\t\t\t\t\t\t\t\t\t\t\t<a href=\"https:\/\/magosrajzok.hu\/en\/portfolio\/\">\n\t\t\t\t\t\t\t<img decoding=\"async\" width=\"729\" height=\"728\" src=\"https:\/\/magosrajzok.hu\/wp-content\/uploads\/2025\/01\/portfolio1.png\" class=\"attachment-2048x2048 size-2048x2048 wp-image-64\" alt=\"\" srcset=\"https:\/\/magosrajzok.hu\/wp-content\/uploads\/2025\/01\/portfolio1.png 729w, https:\/\/magosrajzok.hu\/wp-content\/uploads\/2025\/01\/portfolio1-300x300.png 300w, https:\/\/magosrajzok.hu\/wp-content\/uploads\/2025\/01\/portfolio1-150x150.png 150w\" sizes=\"(max-width: 729px) 100vw, 729px\" \/>\t\t\t\t\t\t\t\t<\/a>\n\t\t\t\t\t\t\t\t\t\t\t\t\t\t\t<\/div>\n\t\t\t\t<\/div>\n\t\t\t\t<div class=\"elementor-element elementor-element-1a715db elementor-widget__width-inherit elementor-widget elementor-widget-image\" data-id=\"1a715db\" data-element_type=\"widget\" data-widget_type=\"image.default\">\n\t\t\t\t<div class=\"elementor-widget-container\">\n\t\t\t\t\t\t\t\t\t\t\t\t\t\t\t\t<a href=\"https:\/\/magosrajzok.hu\/en\/bolt\/\">\n\t\t\t\t\t\t\t<img decoding=\"async\" width=\"727\" height=\"725\" src=\"https:\/\/magosrajzok.hu\/wp-content\/uploads\/2025\/01\/bolt1.png\" class=\"attachment-large size-large wp-image-54\" alt=\"\" srcset=\"https:\/\/magosrajzok.hu\/wp-content\/uploads\/2025\/01\/bolt1.png 727w, https:\/\/magosrajzok.hu\/wp-content\/uploads\/2025\/01\/bolt1-300x300.png 300w, https:\/\/magosrajzok.hu\/wp-content\/uploads\/2025\/01\/bolt1-150x150.png 150w\" sizes=\"(max-width: 727px) 100vw, 727px\" \/>\t\t\t\t\t\t\t\t<\/a>\n\t\t\t\t\t\t\t\t\t\t\t\t\t\t\t<\/div>\n\t\t\t\t<\/div>\n\t\t\t\t<div class=\"elementor-element elementor-element-037501d elementor-widget__width-inherit elementor-widget elementor-widget-image\" data-id=\"037501d\" data-element_type=\"widget\" data-widget_type=\"image.default\">\n\t\t\t\t<div class=\"elementor-widget-container\">\n\t\t\t\t\t\t\t\t\t\t\t\t\t\t\t\t<a href=\"https:\/\/magosrajzok.hu\/en\/bemutatkozas\/\">\n\t\t\t\t\t\t\t<img loading=\"lazy\" decoding=\"async\" width=\"726\" height=\"725\" src=\"https:\/\/magosrajzok.hu\/wp-content\/uploads\/2025\/01\/bemutatkozas1.png\" class=\"attachment-large size-large wp-image-52\" alt=\"\" srcset=\"https:\/\/magosrajzok.hu\/wp-content\/uploads\/2025\/01\/bemutatkozas1.png 726w, https:\/\/magosrajzok.hu\/wp-content\/uploads\/2025\/01\/bemutatkozas1-300x300.png 300w, https:\/\/magosrajzok.hu\/wp-content\/uploads\/2025\/01\/bemutatkozas1-150x150.png 150w\" sizes=\"(max-width: 726px) 100vw, 726px\" \/>\t\t\t\t\t\t\t\t<\/a>\n\t\t\t\t\t\t\t\t\t\t\t\t\t\t\t<\/div>\n\t\t\t\t<\/div>\n\t\t\t\t<div class=\"elementor-element elementor-element-cc6dd77 elementor-widget__width-inherit elementor-widget elementor-widget-image\" data-id=\"cc6dd77\" data-element_type=\"widget\" data-widget_type=\"image.default\">\n\t\t\t\t<div class=\"elementor-widget-container\">\n\t\t\t\t\t\t\t\t\t\t\t\t\t\t\t\t<a href=\"https:\/\/magosrajzok.hu\/en\/kapcsolat\/\">\n\t\t\t\t\t\t\t<img loading=\"lazy\" decoding=\"async\" width=\"727\" height=\"725\" src=\"https:\/\/magosrajzok.hu\/wp-content\/uploads\/2025\/01\/kapcsolat1.png\" class=\"attachment-large size-large wp-image-58\" alt=\"\" srcset=\"https:\/\/magosrajzok.hu\/wp-content\/uploads\/2025\/01\/kapcsolat1.png 727w, https:\/\/magosrajzok.hu\/wp-content\/uploads\/2025\/01\/kapcsolat1-300x300.png 300w, https:\/\/magosrajzok.hu\/wp-content\/uploads\/2025\/01\/kapcsolat1-150x150.png 150w\" sizes=\"(max-width: 727px) 100vw, 727px\" \/>\t\t\t\t\t\t\t\t<\/a>\n\t\t\t\t\t\t\t\t\t\t\t\t\t\t\t<\/div>\n\t\t\t\t<\/div>\n\t\t\t\t\t<\/div>\n\t\t\t\t<\/div>\n\t\t\t\t<\/div>","protected":false},"excerpt":{"rendered":"<p>KEDVES L\u00c1TOGAT\u00d3! K\u00f6sz\u00f6n\u00f6m, hogy megtisztelsz jelenl\u00e9teddel. Ezen a weboldalon bemutatok n\u00e9h\u00e1ny munk\u00e1mat az elm\u00falt \u00e9vekb\u0151l, az online boltban pedig szemezgethetsz az \u00e1ltalam tervezett term\u00e9kek k\u00f6z\u00fcl. Ez\u00faton is k\u00f6sz\u00f6n\u00f6m, hogy ezzel tov\u00e1bb t\u00e1mogatod alkot\u00f3i tev\u00e9kenys\u00e9gemet. Minden j\u00f3t k\u00edv\u00e1nok neked: Moh\u00e1csy \u00c1gi &#8211; Magos Rajzok<\/p>","protected":false},"author":1,"featured_media":0,"parent":0,"menu_order":0,"comment_status":"closed","ping_status":"closed","template":"elementor_header_footer","meta":{"footnotes":""},"class_list":["post-14","page","type-page","status-publish","hentry"],"_links":{"self":[{"href":"https:\/\/magosrajzok.hu\/en\/wp-json\/wp\/v2\/pages\/14","targetHints":{"allow":["GET"]}}],"collection":[{"href":"https:\/\/magosrajzok.hu\/en\/wp-json\/wp\/v2\/pages"}],"about":[{"href":"https:\/\/magosrajzok.hu\/en\/wp-json\/wp\/v2\/types\/page"}],"author":[{"embeddable":true,"href":"https:\/\/magosrajzok.hu\/en\/wp-json\/wp\/v2\/users\/1"}],"replies":[{"embeddable":true,"href":"https:\/\/magosrajzok.hu\/en\/wp-json\/wp\/v2\/comments?post=14"}],"version-history":[{"count":142,"href":"https:\/\/magosrajzok.hu\/en\/wp-json\/wp\/v2\/pages\/14\/revisions"}],"predecessor-version":[{"id":597,"href":"https:\/\/magosrajzok.hu\/en\/wp-json\/wp\/v2\/pages\/14\/revisions\/597"}],"wp:attachment":[{"href":"https:\/\/magosrajzok.hu\/en\/wp-json\/wp\/v2\/media?parent=14"}],"curies":[{"name":"wp","href":"https:\/\/api.w.org\/{rel}","templated":true}]}}