{"id":22,"date":"2025-01-29T18:43:39","date_gmt":"2025-01-29T18:43:39","guid":{"rendered":"https:\/\/magosrajzok.hu\/?page_id=22"},"modified":"2025-07-07T07:57:07","modified_gmt":"2025-07-07T07:57:07","slug":"kapcsolat","status":"publish","type":"page","link":"https:\/\/magosrajzok.hu\/en\/kapcsolat\/","title":{"rendered":"Contact"},"content":{"rendered":"<div data-elementor-type=\"wp-page\" data-elementor-id=\"22\" class=\"elementor elementor-22\" data-elementor-post-type=\"page\">\n\t\t\t\t<div class=\"elementor-element elementor-element-2b3aad5 e-flex e-con-boxed e-con e-parent\" data-id=\"2b3aad5\" data-element_type=\"container\">\n\t\t\t\t\t<div class=\"e-con-inner\">\n\t\t<div class=\"elementor-element elementor-element-ca3cfde e-con-full e-flex e-con e-child\" data-id=\"ca3cfde\" data-element_type=\"container\">\n\t\t\t\t<div class=\"elementor-element elementor-element-b61aebf elementor-widget elementor-widget-image\" data-id=\"b61aebf\" data-element_type=\"widget\" data-widget_type=\"image.default\">\n\t\t\t\t<div class=\"elementor-widget-container\">\n\t\t\t\t\t\t\t\t\t\t\t\t\t\t\t<img fetchpriority=\"high\" decoding=\"async\" width=\"727\" height=\"725\" src=\"https:\/\/magosrajzok.hu\/wp-content\/uploads\/2025\/01\/kapcsolat1.png\" class=\"attachment-large size-large wp-image-58\" alt=\"\" srcset=\"https:\/\/magosrajzok.hu\/wp-content\/uploads\/2025\/01\/kapcsolat1.png 727w, https:\/\/magosrajzok.hu\/wp-content\/uploads\/2025\/01\/kapcsolat1-300x300.png 300w, https:\/\/magosrajzok.hu\/wp-content\/uploads\/2025\/01\/kapcsolat1-150x150.png 150w\" sizes=\"(max-width: 727px) 100vw, 727px\" \/>\t\t\t\t\t\t\t\t\t\t\t\t\t\t\t<\/div>\n\t\t\t\t<\/div>\n\t\t\t\t<\/div>\n\t\t<div class=\"elementor-element elementor-element-b003533 e-con-full e-flex e-con e-child\" data-id=\"b003533\" data-element_type=\"container\">\n\t\t\t\t<div class=\"elementor-element elementor-element-bcb1fcb elementor-widget elementor-widget-heading\" data-id=\"bcb1fcb\" data-element_type=\"widget\" data-widget_type=\"heading.default\">\n\t\t\t\t<div class=\"elementor-widget-container\">\n\t\t\t\t\t<h2 class=\"elementor-heading-title elementor-size-default\">KAPCSOLAT<\/h2>\t\t\t\t<\/div>\n\t\t\t\t<\/div>\n\t\t\t\t<div class=\"elementor-element elementor-element-73e8180 elementor-widget elementor-widget-text-editor\" data-id=\"73e8180\" data-element_type=\"widget\" data-widget_type=\"text-editor.default\">\n\t\t\t\t<div class=\"elementor-widget-container\">\n\t\t\t\t\t\t\t\t\t<div><p class=\"Standard\">Ha felkeltette \u00e9rdekl\u0151d\u00e9sedet a tev\u00e9kenys\u00e9gem, akkor keress bizalommal az al\u00e1bbi platformokon kereszt\u00fcl, \u00e9n pedig igyekszem miel\u0151bb v\u00e1laszolni \u00e9s seg\u00edteni neked terveid vizu\u00e1lis megval\u00f3s\u00edt\u00e1s\u00e1ban.<\/p><\/div>\t\t\t\t\t\t\t\t<\/div>\n\t\t\t\t<\/div>\n\t\t\t\t<div class=\"elementor-element elementor-element-6a3ffd0 elementor-widget elementor-widget-text-editor\" data-id=\"6a3ffd0\" data-element_type=\"widget\" data-widget_type=\"text-editor.default\">\n\t\t\t\t<div class=\"elementor-widget-container\">\n\t\t\t\t\t\t\t\t\t<p>E-mail: magosrajzok@magosrajzok.hu<\/p>\t\t\t\t\t\t\t\t<\/div>\n\t\t\t\t<\/div>\n\t\t<div class=\"elementor-element elementor-element-616d9bd e-con-full elementor-hidden-desktop elementor-hidden-tablet elementor-hidden-mobile e-flex e-con e-child\" data-id=\"616d9bd\" data-element_type=\"container\">\n\t\t\t\t<div class=\"elementor-element elementor-element-7b25256 elementor-widget elementor-widget-image\" data-id=\"7b25256\" data-element_type=\"widget\" data-widget_type=\"image.default\">\n\t\t\t\t<div class=\"elementor-widget-container\">\n\t\t\t\t\t\t\t\t\t\t\t\t\t\t\t<img decoding=\"async\" width=\"127\" height=\"129\" src=\"https:\/\/magosrajzok.hu\/wp-content\/uploads\/2025\/01\/insta.png\" class=\"attachment-large size-large wp-image-115\" alt=\"\" \/>\t\t\t\t\t\t\t\t\t\t\t\t\t\t\t<\/div>\n\t\t\t\t<\/div>\n\t\t\t\t<div class=\"elementor-element elementor-element-a83f5d2 elementor-widget elementor-widget-image\" data-id=\"a83f5d2\" data-element_type=\"widget\" data-widget_type=\"image.default\">\n\t\t\t\t<div class=\"elementor-widget-container\">\n\t\t\t\t\t\t\t\t\t\t\t\t\t\t\t<img decoding=\"async\" width=\"166\" height=\"111\" src=\"https:\/\/magosrajzok.hu\/wp-content\/uploads\/2025\/01\/behance.png\" class=\"attachment-large size-large wp-image-111\" alt=\"\" \/>\t\t\t\t\t\t\t\t\t\t\t\t\t\t\t<\/div>\n\t\t\t\t<\/div>\n\t\t\t\t<div class=\"elementor-element elementor-element-409057d elementor-widget elementor-widget-image\" data-id=\"409057d\" data-element_type=\"widget\" data-widget_type=\"image.default\">\n\t\t\t\t<div class=\"elementor-widget-container\">\n\t\t\t\t\t\t\t\t\t\t\t\t\t\t\t<img loading=\"lazy\" decoding=\"async\" width=\"92\" height=\"128\" src=\"https:\/\/magosrajzok.hu\/wp-content\/uploads\/2025\/01\/pinterest.png\" class=\"attachment-large size-large wp-image-118\" alt=\"\" \/>\t\t\t\t\t\t\t\t\t\t\t\t\t\t\t<\/div>\n\t\t\t\t<\/div>\n\t\t\t\t<div class=\"elementor-element elementor-element-714f233 elementor-widget elementor-widget-image\" data-id=\"714f233\" data-element_type=\"widget\" data-widget_type=\"image.default\">\n\t\t\t\t<div class=\"elementor-widget-container\">\n\t\t\t\t\t\t\t\t\t\t\t\t\t\t\t<img loading=\"lazy\" decoding=\"async\" width=\"122\" height=\"123\" src=\"https:\/\/magosrajzok.hu\/wp-content\/uploads\/2025\/01\/facebook.png\" class=\"attachment-large size-large wp-image-113\" alt=\"\" \/>\t\t\t\t\t\t\t\t\t\t\t\t\t\t\t<\/div>\n\t\t\t\t<\/div>\n\t\t\t\t<div class=\"elementor-element elementor-element-2a9f55d elementor-widget__width-initial elementor-widget elementor-widget-text-editor\" data-id=\"2a9f55d\" data-element_type=\"widget\" data-widget_type=\"text-editor.default\">\n\t\t\t\t<div class=\"elementor-widget-container\">\n\t\t\t\t\t\t\t\t\t<p>\/\u00a0<\/p>\t\t\t\t\t\t\t\t<\/div>\n\t\t\t\t<\/div>\n\t\t\t\t<div class=\"elementor-element elementor-element-e77ce46 elementor-widget__width-initial elementor-widget elementor-widget-text-editor\" data-id=\"e77ce46\" data-element_type=\"widget\" data-widget_type=\"text-editor.default\">\n\t\t\t\t<div class=\"elementor-widget-container\">\n\t\t\t\t\t\t\t\t\t<p>Magosrajzok<\/p>\t\t\t\t\t\t\t\t<\/div>\n\t\t\t\t<\/div>\n\t\t\t\t<\/div>\n\t\t\t\t<\/div>\n\t\t\t\t\t<\/div>\n\t\t\t\t<\/div>\n\t\t\t\t<\/div>","protected":false},"excerpt":{"rendered":"<p>KAPCSOLAT Ha felkeltette \u00e9rdekl\u0151d\u00e9sedet a tev\u00e9kenys\u00e9gem, akkor keress bizalommal az al\u00e1bbi platformokon kereszt\u00fcl, \u00e9n pedig igyekszem miel\u0151bb v\u00e1laszolni \u00e9s seg\u00edteni neked terveid vizu\u00e1lis megval\u00f3s\u00edt\u00e1s\u00e1ban. E-mail: magosrajzok@magosrajzok.hu \/\u00a0 Magosrajzok<\/p>","protected":false},"author":1,"featured_media":0,"parent":0,"menu_order":0,"comment_status":"closed","ping_status":"closed","template":"elementor_header_footer","meta":{"footnotes":""},"class_list":["post-22","page","type-page","status-publish","hentry"],"_links":{"self":[{"href":"https:\/\/magosrajzok.hu\/en\/wp-json\/wp\/v2\/pages\/22","targetHints":{"allow":["GET"]}}],"collection":[{"href":"https:\/\/magosrajzok.hu\/en\/wp-json\/wp\/v2\/pages"}],"about":[{"href":"https:\/\/magosrajzok.hu\/en\/wp-json\/wp\/v2\/types\/page"}],"author":[{"embeddable":true,"href":"https:\/\/magosrajzok.hu\/en\/wp-json\/wp\/v2\/users\/1"}],"replies":[{"embeddable":true,"href":"https:\/\/magosrajzok.hu\/en\/wp-json\/wp\/v2\/comments?post=22"}],"version-history":[{"count":55,"href":"https:\/\/magosrajzok.hu\/en\/wp-json\/wp\/v2\/pages\/22\/revisions"}],"predecessor-version":[{"id":582,"href":"https:\/\/magosrajzok.hu\/en\/wp-json\/wp\/v2\/pages\/22\/revisions\/582"}],"wp:attachment":[{"href":"https:\/\/magosrajzok.hu\/en\/wp-json\/wp\/v2\/media?parent=22"}],"curies":[{"name":"wp","href":"https:\/\/api.w.org\/{rel}","templated":true}]}}