{"id":3,"date":"2025-01-28T19:07:52","date_gmt":"2025-01-28T19:07:52","guid":{"rendered":"http:\/\/magosrajzok.hu\/?page_id=3"},"modified":"2025-07-07T07:45:47","modified_gmt":"2025-07-07T07:45:47","slug":"privacy-policy","status":"publish","type":"page","link":"https:\/\/magosrajzok.hu\/en\/privacy-policy\/","title":{"rendered":"Adatv\u00e9delmi nyilatkozat"},"content":{"rendered":"<p><\/p>\n\n\n\n<h1 class=\"wp-block-heading\">1. Bevezet\u00e9s<\/h1>\n\n\n\n<p>A jelen adatv\u00e9delmi nyilatkozat c\u00e9lja, hogy t\u00e1j\u00e9koztassa \u00d6nt arr\u00f3l, hogyan kezelj\u00fck az \u00d6n szem\u00e9lyes adatait, amikor ell\u00e1togat webshopunkba, regisztr\u00e1l, v\u00e1s\u00e1rl\u00e1st kezdem\u00e9nyez, vagy kapcsolatba l\u00e9p vel\u00fcnk.<br>Az adatkezel\u0151 elk\u00f6telezett az \u00d6n szem\u00e9lyes adatainak v\u00e9delme mellett, \u00e9s minden adatkezel\u00e9s sor\u00e1n figyelembe veszi a vonatkoz\u00f3 adatv\u00e9delmi jogszab\u00e1lyokat, k\u00fcl\u00f6n\u00f6sen az (EU) 2016\/679 sz\u00e1m\u00fa \u00e1ltal\u00e1nos adatv\u00e9delmi rendeletet (GDPR).<\/p>\n\n\n\n<h1 class=\"wp-block-heading\">2. Az adatkezel\u0151 adatai<\/h1>\n\n\n\n<p>N\u00e9v: Moh\u00e1csy \u00c1gnes ev. \/ magosrajzok<br>Sz\u00e9khely: 6337 \u00dajtelek, B\u00e9ke utca 16.<br>Ad\u00f3sz\u00e1m:&nbsp;?<br>E-mail: info@magosrajzok.hu<br>Telefon: +36204350727<br>Weboldal: www.magosrajzok.hu<\/p>\n\n\n\n<h1 class=\"wp-block-heading\">3. Kezelt szem\u00e9lyes adatok k\u00f6re<\/h1>\n\n\n\n<p>A webshop haszn\u00e1lata sor\u00e1n az al\u00e1bbi szem\u00e9lyes adatokat kezelj\u00fck:<br>&#8211; N\u00e9v<br>&#8211; E-mail c\u00edm<br>&#8211; Sz\u00e1ll\u00edt\u00e1si \u00e9s sz\u00e1ml\u00e1z\u00e1si c\u00edm<br>&#8211; Telefonsz\u00e1m<br>&#8211; IP-c\u00edm<br>&#8211; V\u00e1s\u00e1rl\u00e1si adatok (rendelt term\u00e9kek, fizet\u00e9s m\u00f3dja, id\u0151pont stb.)<br><s>&#8211; H\u00edrlev\u00e9l-feliratkoz\u00e1s eset\u00e9n: e-mail c\u00edm, feliratkoz\u00e1s ideje<\/s><br>&#8211; \u00dczenetk\u00fcld\u00e9s\/kapcsolatfelv\u00e9tel eset\u00e9n: n\u00e9v, e-mail, \u00fczenet tartalma<\/p>\n\n\n\n<h1 class=\"wp-block-heading\">4. Az adatkezel\u00e9s c\u00e9lja \u00e9s jogalapja<\/h1>\n\n\n\n<figure class=\"wp-block-table\"><table class=\"has-fixed-layout\"><tbody><tr><td>C\u00e9l<\/td><td>Jogalap<\/td><\/tr><tr><td>V\u00e1s\u00e1rl\u00e1s lebonyol\u00edt\u00e1sa, sz\u00e1ml\u00e1z\u00e1s, sz\u00e1ll\u00edt\u00e1s<\/td><td>Szerz\u0151d\u00e9s teljes\u00edt\u00e9se (GDPR 6. cikk (1) b)<\/td><\/tr><tr><td>Jogszab\u00e1lyi k\u00f6telezetts\u00e9gek teljes\u00edt\u00e9se<\/td><td>Jogi k\u00f6telezetts\u00e9g (GDPR 6. cikk (1) c)<\/td><\/tr><tr><td>Kapcsolattart\u00e1s, \u00fcgyf\u00e9lszolg\u00e1lat<\/td><td>Jogos \u00e9rdek \/ szerz\u0151d\u00e9s teljes\u00edt\u00e9se<\/td><\/tr><tr><td>H\u00edrlev\u00e9l k\u00fcld\u00e9s<\/td><td>Hozz\u00e1j\u00e1rul\u00e1s (GDPR 6. cikk (1) a)<\/td><\/tr><tr><td>Weboldal m\u0171k\u00f6dtet\u00e9se, l\u00e1togatotts\u00e1g elemz\u00e9se<\/td><td>Jogos \u00e9rdek<\/td><\/tr><\/tbody><\/table><\/figure>\n\n\n\n<h1 class=\"wp-block-heading\">5. Adatt\u00e1rol\u00e1s id\u0151tartama<\/h1>\n\n\n\n<p>&#8211; V\u00e1s\u00e1rl\u00e1si adatok: 8 \u00e9v (sz\u00e1mviteli t\u00f6rv\u00e9ny szerint)<br>&#8211; Kapcsolatfelv\u00e9teli adatok: legfeljebb 1 \u00e9v<br><s>&#8211; H\u00edrlev\u00e9l feliratkoz\u00e1s: hozz\u00e1j\u00e1rul\u00e1s visszavon\u00e1s\u00e1ig<\/s><br><s>&#8211; Felhaszn\u00e1l\u00f3i fi\u00f3k adatai: a fi\u00f3k t\u00f6rl\u00e9s\u00e9ig<\/s><\/p>\n\n\n\n<h1 class=\"wp-block-heading\">6. Adatok tov\u00e1bb\u00edt\u00e1sa, adatfeldolgoz\u00f3k<\/h1>\n\n\n\n<p>A webshop m\u0171k\u00f6dtet\u00e9se sor\u00e1n egyes adatokat harmadik f\u00e9l szolg\u00e1ltat\u00f3k fel\u00e9 tov\u00e1bb\u00edthatunk (pl. adatfeldolgoz\u00f3k), p\u00e9ld\u00e1ul:<br>&#8211; Sz\u00e1ll\u00edtm\u00e1nyoz\u00f3 c\u00e9gek: n\u00e9v, c\u00edm, telefonsz\u00e1m<br>&#8211; Sz\u00e1ml\u00e1z\u00f3 program: [Szolg\u00e1ltat\u00f3 neve]<br><s>&#8211; Online fizet\u00e9si rendszer: [Pl. Barion, SimplePay]<br>&#8211; H\u00edrlev\u00e9lk\u00fcld\u0151 rendszer: [Pl. Mailchimp, Webgalamb]<\/s><\/p>\n\n\n\n<h1 class=\"wp-block-heading\">7. Cookie-k (s\u00fctik) kezel\u00e9se<\/h1>\n\n\n\n<p>Weboldalunk s\u00fctiket haszn\u00e1l a felhaszn\u00e1l\u00f3i \u00e9lm\u00e9ny jav\u00edt\u00e1sa \u00e9rdek\u00e9ben. A s\u00fctikr\u0151l r\u00e9szletes inform\u00e1ci\u00f3 a [S\u00fcti t\u00e1j\u00e9koztat\u00f3] oldalon tal\u00e1lhat\u00f3.<\/p>\n\n\n\n<h1 class=\"wp-block-heading\">8. Az \u00d6n jogai<\/h1>\n\n\n\n<p>\u00d6n jogosult:<br>&#8211; T\u00e1j\u00e9koztat\u00e1st k\u00e9rni az adatkezel\u00e9sr\u0151l<br>&#8211; Hozz\u00e1f\u00e9rni a kezelt adatokhoz<br>&#8211; Az adatok helyesb\u00edt\u00e9s\u00e9t k\u00e9rni<br>&#8211; Az adatok t\u00f6rl\u00e9s\u00e9t k\u00e9rni<br>&#8211; Az adatkezel\u00e9s korl\u00e1toz\u00e1s\u00e1t k\u00e9rni<br>&#8211; Tiltakozni az adatkezel\u00e9s ellen<br>&#8211; Hozz\u00e1j\u00e1rul\u00e1s visszavon\u00e1s\u00e1ra<br>&#8211; Panaszt tenni a fel\u00fcgyeleti hat\u00f3s\u00e1gn\u00e1l (NAIH)<br><br>Nemzeti Adatv\u00e9delmi \u00e9s Inform\u00e1ci\u00f3szabads\u00e1g Hat\u00f3s\u00e1g (NAIH)<br>C\u00edm: 1055 Budapest, Falk Miksa utca 9-11.<br>Web: https:\/\/www.naih.hu<\/p>\n\n\n\n<h1 class=\"wp-block-heading\">9. Egy\u00e9b rendelkez\u00e9sek<\/h1>\n\n\n\n<p>Az Adatkezel\u0151 fenntartja a jogot jelen adatv\u00e9delmi t\u00e1j\u00e9koztat\u00f3 m\u00f3dos\u00edt\u00e1s\u00e1ra. A friss\u00edtett v\u00e1ltozat a weboldalon val\u00f3 k\u00f6zz\u00e9t\u00e9tellel l\u00e9p hat\u00e1lyba.<\/p>","protected":false},"excerpt":{"rendered":"<p>1. Bevezet\u00e9s A jelen adatv\u00e9delmi nyilatkozat c\u00e9lja, hogy t\u00e1j\u00e9koztassa \u00d6nt arr\u00f3l, hogyan kezelj\u00fck az \u00d6n szem\u00e9lyes adatait, amikor ell\u00e1togat webshopunkba, regisztr\u00e1l, v\u00e1s\u00e1rl\u00e1st kezdem\u00e9nyez, vagy kapcsolatba l\u00e9p vel\u00fcnk.Az adatkezel\u0151 elk\u00f6telezett az \u00d6n szem\u00e9lyes adatainak v\u00e9delme mellett, \u00e9s minden adatkezel\u00e9s sor\u00e1n figyelembe veszi a vonatkoz\u00f3 adatv\u00e9delmi jogszab\u00e1lyokat, k\u00fcl\u00f6n\u00f6sen az (EU) 2016\/679 sz\u00e1m\u00fa \u00e1ltal\u00e1nos adatv\u00e9delmi rendeletet (GDPR). 2. [&hellip;]<\/p>","protected":false},"author":1,"featured_media":0,"parent":0,"menu_order":0,"comment_status":"closed","ping_status":"open","template":"","meta":{"footnotes":""},"class_list":["post-3","page","type-page","status-publish","hentry"],"_links":{"self":[{"href":"https:\/\/magosrajzok.hu\/en\/wp-json\/wp\/v2\/pages\/3","targetHints":{"allow":["GET"]}}],"collection":[{"href":"https:\/\/magosrajzok.hu\/en\/wp-json\/wp\/v2\/pages"}],"about":[{"href":"https:\/\/magosrajzok.hu\/en\/wp-json\/wp\/v2\/types\/page"}],"author":[{"embeddable":true,"href":"https:\/\/magosrajzok.hu\/en\/wp-json\/wp\/v2\/users\/1"}],"replies":[{"embeddable":true,"href":"https:\/\/magosrajzok.hu\/en\/wp-json\/wp\/v2\/comments?post=3"}],"version-history":[{"count":3,"href":"https:\/\/magosrajzok.hu\/en\/wp-json\/wp\/v2\/pages\/3\/revisions"}],"predecessor-version":[{"id":569,"href":"https:\/\/magosrajzok.hu\/en\/wp-json\/wp\/v2\/pages\/3\/revisions\/569"}],"wp:attachment":[{"href":"https:\/\/magosrajzok.hu\/en\/wp-json\/wp\/v2\/media?parent=3"}],"curies":[{"name":"wp","href":"https:\/\/api.w.org\/{rel}","templated":true}]}}