{"id":373,"date":"2025-06-30T18:34:49","date_gmt":"2025-06-30T18:34:49","guid":{"rendered":"https:\/\/magosrajzok.hu\/?post_type=product&#038;p=373"},"modified":"2025-06-30T18:35:25","modified_gmt":"2025-06-30T18:35:25","slug":"teszt-termek","status":"publish","type":"product","link":"https:\/\/magosrajzok.hu\/en\/product\/teszt-termek\/","title":{"rendered":"Teszt term\u00e9k"},"content":{"rendered":"<p>Teszt le\u00edr\u00e1s<\/p>","protected":false},"excerpt":{"rendered":"<p>Teszt le\u00edr\u00e1s<\/p>","protected":false},"featured_media":195,"comment_status":"open","ping_status":"closed","template":"","meta":[],"product_brand":[],"product_cat":[19],"product_tag":[],"class_list":{"0":"post-373","1":"product","2":"type-product","3":"status-publish","4":"has-post-thumbnail","6":"product_cat-egyeb","8":"first","9":"instock","10":"virtual","11":"purchasable","12":"product-type-simple"},"_links":{"self":[{"href":"https:\/\/magosrajzok.hu\/en\/wp-json\/wp\/v2\/product\/373","targetHints":{"allow":["GET"]}}],"collection":[{"href":"https:\/\/magosrajzok.hu\/en\/wp-json\/wp\/v2\/product"}],"about":[{"href":"https:\/\/magosrajzok.hu\/en\/wp-json\/wp\/v2\/types\/product"}],"replies":[{"embeddable":true,"href":"https:\/\/magosrajzok.hu\/en\/wp-json\/wp\/v2\/comments?post=373"}],"wp:featuredmedia":[{"embeddable":true,"href":"https:\/\/magosrajzok.hu\/en\/wp-json\/wp\/v2\/media\/195"}],"wp:attachment":[{"href":"https:\/\/magosrajzok.hu\/en\/wp-json\/wp\/v2\/media?parent=373"}],"wp:term":[{"taxonomy":"product_brand","embeddable":true,"href":"https:\/\/magosrajzok.hu\/en\/wp-json\/wp\/v2\/product_brand?post=373"},{"taxonomy":"product_cat","embeddable":true,"href":"https:\/\/magosrajzok.hu\/en\/wp-json\/wp\/v2\/product_cat?post=373"},{"taxonomy":"product_tag","embeddable":true,"href":"https:\/\/magosrajzok.hu\/en\/wp-json\/wp\/v2\/product_tag?post=373"}],"curies":[{"name":"wp","href":"https:\/\/api.w.org\/{rel}","templated":true}]}}